{"id":1539,"date":"2018-06-02T16:22:51","date_gmt":"2018-06-02T14:22:51","guid":{"rendered":"https:\/\/clever-einstein.217-160-45-62.plesk.page\/?page_id=1539"},"modified":"2023-12-12T16:43:22","modified_gmt":"2023-12-12T15:43:22","slug":"home","status":"publish","type":"page","link":"https:\/\/fresh.clever-einstein.217-160-45-62.plesk.page\/","title":{"rendered":"Home"},"content":{"rendered":"<p>[vc_row us_bg_image_source=&#8220;media&#8220; us_bg_image=&#8220;8128&#8243; us_bg_pos=&#8220;bottom center&#8220; us_bg_repeat=&#8220;no-repeat&#8220; us_bg_parallax=&#8220;vertical&#8220; css=&#8220;%7B%22default%22%3A%7B%22padding-top%22%3A%220%22%7D%7D&#8220; el_class=&#8220;neuheiten-row&#8220;][vc_column el_class=&#8220;crsl-clm&#8220;][us_vwrapper css=&#8220;%7B%22default%22%3A%7B%22padding-top%22%3A%2225%25%22%2C%22padding-bottom%22%3A%2225%25%22%7D%7D&#8220;][\/us_vwrapper][\/vc_column][\/vc_row][vc_row css=&#8220;%7B%22default%22%3A%7B%22padding-top%22%3A%220%22%7D%7D&#8220; el_class=&#8220;neuheiten-row&#8220;][vc_column el_class=&#8220;crsl-clm&#8220;][vc_raw_html]JTNDaDMlMjBjbGFzcyUzRCUyMmFsaWduX2NlbnRlciUyMiUzRU5ldWhlaXRlbiUzQyUyRmgzJTNF[\/vc_raw_html][us_grid post_type=&#8220;product&#8220; taxonomy_product_cat=&#8220;fliesenaufkleber,k\u00fcchenr\u00fcckwand ,dekorfolie ,fliesenaufkleber ,bodenfliesenaufkleber,kids,kuechenrueckwand,kunstdrucke&#8220; items_quantity=&#8220;4&#8243; pagination=&#8220;ajax&#8220; items_layout=&#8220;4966&#8243; columns=&#8220;3&#8243; img_size=&#8220;us_350_350_crop&#8220; overriding_link=&#8220;%7B%22url%22%3A%22%22%7D&#8220; breakpoint_3_cols=&#8220;2&#8243;][\/vc_column][\/vc_row][vc_row][vc_column el_class=&#8220;crsl-clm&#8220;][vc_raw_html]JTNDaDMlMjBjbGFzcyUzRCUyMmFsaWduX2NlbnRlciUyMiUzRUZsaWVzZW5hdWZrbGViZXIlMjAlM0NzcGFuJTIwc3R5bGUlM0QlMjJmb250LXdlaWdodCUzQTQwMCUzQiUyMiUzRVBvcnR1Z2llc2lzY2glMjAlM0MlMkZzcGFuJTNFJTNDJTJGaDMlM0UlMEElM0NkaXYlMjBjbGFzcyUzRCUyMnN1Yi10ZXh0JTIyJTNFVHJhZGl0aW9uZWxsZSUyMEZsaWVzZW5tdXN0ZXIlMjB3aWUlMjBtYW4lMjBzaWUlMjB2b24lMjBkZW4lMjBwb3J0dWdpZXNpc2NoZW4lMjBBenVsZWpvcyUyMGtlbm50LiUzQyUyRmRpdiUzRQ==[\/vc_raw_html][us_grid post_type=&#8220;product&#8220; taxonomy_product_cat=&#8220;portugiesisch&#8220; orderby=&#8220;rand&#8220; items_quantity=&#8220;4&#8243; pagination=&#8220;ajax&#8220; items_layout=&#8220;4966&#8243; columns=&#8220;4&#8243; img_size=&#8220;us_350_350_crop&#8220; items_ratio=&#8220;1&#215;1&#8243; breakpoint_3_cols=&#8220;2&#8243;][\/vc_column][\/vc_row][vc_row][vc_column el_class=&#8220;crsl-clm&#8220;][vc_raw_html]JTNDaDMlMjBjbGFzcyUzRCUyMmFsaWduX2NlbnRlciUyMiUzRUZsaWVzZW5hdWZrbGViZXIlMjAlM0NhJTIwaHJlZiUzRCUyMmh0dHBzJTNBJTJGJTJGd3VuZGVyd2FuZC5zaG9wJTJGbWFuZGFsYSUyRiUyMiUzRSUzQ3NwYW4lMjBzdHlsZSUzRCUyMmZvbnQtd2VpZ2h0JTNBNDAwJTNCJTIyJTNFTWFuZGFsYSUzQyUyRnNwYW4lM0UlM0MlMkZhJTNFJTNDJTJGaDMlM0UlMEElM0NkaXYlMjBjbGFzcyUzRCUyMnN1Yi10ZXh0JTIyJTNFRmxvcmFsZSUyME9ybmFtZW50ZSUyMGluJTIwdmllbGVuJTIwYnVudGVuJTIwRmFyYmVuLiUzQyUyRmRpdiUzRQ==[\/vc_raw_html][us_grid post_type=&#8220;product&#8220; taxonomy_product_tag=&#8220;mandala&#8220; orderby=&#8220;rand&#8220; items_quantity=&#8220;4&#8243; pagination=&#8220;ajax&#8220; items_layout=&#8220;4966&#8243; columns=&#8220;4&#8243; img_size=&#8220;us_350_350_crop&#8220; items_ratio=&#8220;1&#215;1&#8243; breakpoint_3_cols=&#8220;2&#8243;][\/vc_column][\/vc_row][vc_row][vc_column el_class=&#8220;crsl-clm&#8220;][vc_raw_html]JTNDaDMlMjBjbGFzcyUzRCUyMmFsaWduX2NlbnRlciUyMiUzRUZsaWVzZW5hdWZrbGViZXIlMjAlM0NzcGFuJTIwc3R5bGUlM0QlMjJmb250LXdlaWdodCUzQTQwMCUzQiUyMiUzRU1hcm9ra2FuaXNjaCUzQyUyRnNwYW4lM0UlM0MlMkZoMyUzRSUwQSUzQ2RpdiUyMGNsYXNzJTNEJTIyc3ViLXRleHQlMjIlM0VEZWtvcmF0aXZlJTIwb3JpZW50YWxpc2NoZSUyME1vc2Fpa211c3RlciUyMHdpZSUyMGF1cyUyMDEwMDElMjBOYWNodC4lM0MlMkZkaXYlM0U=[\/vc_raw_html][us_grid post_type=&#8220;product&#8220; taxonomy_product_cat=&#8220;marokkanisch&#8220; items_quantity=&#8220;4&#8243; pagination=&#8220;ajax&#8220; items_layout=&#8220;4966&#8243; columns=&#8220;4&#8243; img_size=&#8220;us_350_350_crop&#8220; items_ratio=&#8220;1&#215;1&#8243; breakpoint_3_cols=&#8220;2&#8243;][\/vc_column][\/vc_row][vc_row][vc_column el_class=&#8220;crsl-clm&#8220;][vc_raw_html]JTNDaDMlMjBjbGFzcyUzRCUyMmFsaWduX2NlbnRlciUyMiUzRUZsaWVzZW5hdWZrbGViZXIlMjAlM0NzcGFuJTIwc3R5bGUlM0QlMjIlMjBmb250LXdlaWdodCUzQTQwMCUzQiUyMiUzRU1vZGVybiUzQyUyRnNwYW4lM0UlM0MlMkZoMyUzRSUwQSUzQ2RpdiUyMGNsYXNzJTNEJTIyc3ViLXRleHQlMjIlM0VUcmVuZGlnJTJDJTIwc3RpbGx2b2xsJTIwdW5kJTIwZWxlZ2FudC4lMjBNb2Rlcm5lJTIwRmxpZXNlbmRlc2lnbnMlMjBhbHMlMjBGbGllc2VuYXVma2xlYmVyJTIwZiVDMyVCQ3IlMjBkZWluJTIwWnVoYXVzZS4lMjAlM0MlMkZkaXYlM0U=[\/vc_raw_html][us_grid post_type=&#8220;product&#8220; taxonomy_product_cat=&#8220;modern&#8220; items_quantity=&#8220;4&#8243; pagination=&#8220;ajax&#8220; items_layout=&#8220;4966&#8243; columns=&#8220;4&#8243; img_size=&#8220;us_350_350_crop&#8220; items_ratio=&#8220;1&#215;1&#8243; breakpoint_3_cols=&#8220;2&#8243;][\/vc_column][\/vc_row][vc_row][vc_column el_class=&#8220;crsl-clm&#8220;][vc_raw_html]JTNDaDMlMjBjbGFzcyUzRCUyMmFsaWduX2NlbnRlciUyMiUzRURla29yZm9saWUlM0MlMkZoMyUzRSUwQSUzQ2RpdiUyMGNsYXNzJTNEJTIyc3ViLXRleHQlMjIlM0VadW0lMjBuZXUlMjBvZGVyJTIwdW1nZXN0YWx0ZW4lMjB2b24lMjBncm8lQzMlOUZlbiUyMHVuZCUyMGtsZWluZW4lMjBPYmVyZmwlQzMlQTRjaGVuLiUzQyUyRmRpdiUzRQ==[\/vc_raw_html][us_grid post_type=&#8220;product&#8220; taxonomy_product_cat=&#8220;dekorfolie&#8220; items_quantity=&#8220;4&#8243; pagination=&#8220;ajax&#8220; items_layout=&#8220;4966&#8243; columns=&#8220;4&#8243; img_size=&#8220;us_350_350_crop&#8220; items_ratio=&#8220;1&#215;1&#8243; breakpoint_3_cols=&#8220;2&#8243;][\/vc_column][\/vc_row][vc_row][vc_column el_class=&#8220;crsl-clm&#8220;][vc_raw_html]JTNDaDMlMjBjbGFzcyUzRCUyMmFsaWduX2NlbnRlciUyMiUzRVdhbmRiaWxkZXIlM0MlMkZoMyUzRSUwQSUzQ2RpdiUyMGNsYXNzJTNEJTIyc3ViLXRleHQlMjIlM0VUb2xsZSUyMEhpbmd1Y2tlciUyMGYlQzMlQkNyJTIwZGVpbmUlMjBXJUMzJUE0bmRlJTNDJTJGZGl2JTNF[\/vc_raw_html][us_grid post_type=&#8220;product&#8220; taxonomy_product_cat=&#8220;kunstdrucke&#8220; items_quantity=&#8220;4&#8243; pagination=&#8220;ajax&#8220; items_layout=&#8220;4966&#8243; columns=&#8220;4&#8243; img_size=&#8220;us_350_350_crop&#8220; items_ratio=&#8220;1&#215;1&#8243;][\/vc_column][\/vc_row][vc_row height=&#8220;auto&#8220; css=&#8220;%7B%22default%22%3A%7B%22padding-top%22%3A%2225px%22%2C%22padding-bottom%22%3A%2275px%22%7D%7D&#8220;][vc_column width=&#8220;1\/6&#8243;][\/vc_column][vc_column width=&#8220;2\/3&#8243;][vc_custom_heading text=&#8220;Fliesenaufkleber f\u00fcr K\u00fcche und Badezimmer&#8220; font_container=&#8220;tag:h3|text_align:center&#8220; use_theme_fonts=&#8220;yes&#8220; link=&#8220;|||&#8220; css=&#8220;%7B%22default%22%3A%7B%22padding-top%22%3A%2225px%22%2C%22padding-bottom%22%3A%2225px%22%2C%22color%22%3A%22%2399a6b3%22%7D%7D&#8220;][vc_column_text el_class=&#8220;wundertop_text&#8220;]Wir bieten dir mit unseren Fliesenaufklebern, eine einfache und kosteng\u00fcnstige Alternative, um deinen alten Fliesenspiegel wieder wie neu aussehen zu lassen. Spare Zeit und Geld f\u00fcr teure Keramik oder Zementfliesen, die aufw\u00e4ndig verlegt werden m\u00fcssen. Nicht nur deine Fliesen kannst du mit unserer hochwertigen Folie umgestalten, sie haftet auch auf allen anderen glatten Oberfl\u00e4chen. Lass deiner Kreativit\u00e4t freien Lauf!<\/p>\n<p>Auch deine Bodenfliesen kannst du ganz einfach mit unseren <a href=\"https:\/\/wunderwand.shop\/bodenfliesenaufkleber\/\">Bodenfliesenaufklebern<\/a> umfolieren. Unsere Bodenfolie sieht nicht nur gut aus sondern f\u00fchlt sich auch gut an, dank einer speziellen Anti-Rutsch Oberfl\u00e4che.<\/p>\n<p>M\u00f6chtest du dir etwas <a href=\"https:\/\/wunderwand.shop\/portugiesisch\/\">portugiesischen<\/a> oder <a href=\"https:\/\/wunderwand.shop\/marokkanisch\/\">marokkanischen<\/a> Flair nach Hause bringen? Kein Problem! Wir legen gro\u00dfen Wert darauf, dass die Motive unserer Fliesenaufkleber eine zeitlose \u00c4sthetik mit sich bringen, damit du deine alten Fliesen langfristig versch\u00f6nern kannst.<\/p>\n<p>Gro\u00dfe Auswahl an <a href=\"https:\/\/wunderwand.shop\/modern\/\">modernen<\/a>, <a href=\"https:\/\/wunderwand.shop\/mandala\/\">trendigen<\/a> und klassischen Designs. Zur Folierung gro\u00dfer Fl\u00e4chen, nutze unsere <a href=\"https:\/\/wunderwand.shop\/dekorfolie\/\">Dekorfolie<\/a>.[\/vc_column_text][\/vc_column][vc_column width=&#8220;1\/6&#8243;][\/vc_column][\/vc_row][vc_row height=&#8220;auto&#8220; css=&#8220;%7B%22default%22%3A%7B%22padding-top%22%3A%2225px%22%2C%22padding-bottom%22%3A%2225px%22%7D%7D&#8220; el_class=&#8220;icon-row&#8220; bg_type=&#8220;bg_color&#8220; bg_color_value=&#8220;#2c3e50&#8243;][vc_column width=&#8220;1\/4&#8243;][us_iconbox icon=&#8220;material|restore&#8220; title=&#8220;4 Jahre Haltbarkeit&#8220; title_size=&#8220;24px&#8220; title_tag=&#8220;h2&#8243;][\/us_iconbox][\/vc_column][vc_column width=&#8220;1\/4&#8243;][us_iconbox icon=&#8220;material|opacity&#8220; title=&#8220;Wasserfest&#8220; title_size=&#8220;24px&#8220; title_tag=&#8220;h2&#8243;][\/us_iconbox][\/vc_column][vc_column width=&#8220;1\/4&#8243;][us_iconbox icon=&#8220;material|Spa&#8220; title=&#8220;R\u00fcckstandsloses Entfernen&#8220; title_size=&#8220;24px&#8220; title_tag=&#8220;h2&#8243;][\/us_iconbox][\/vc_column][vc_column width=&#8220;1\/4&#8243;][us_iconbox icon=&#8220;material|public&#8220; title=&#8220;Umweltfreundlich&#8220; title_size=&#8220;24px&#8220; title_tag=&#8220;h2&#8243;][\/us_iconbox][\/vc_column][\/vc_row][vc_row css=&#8220;%7B%22default%22%3A%7B%22padding-top%22%3A%2250px%22%7D%7D&#8220;][vc_column][vc_custom_heading text=&#8220;Was unsere Kunden sagen:&#8220; font_container=&#8220;tag:h3|text_align:center&#8220; google_fonts=&#8220;font_family:Merriweather%20Sans%3A300%2C300italic%2Cregular%2Citalic%2C700%2C700italic%2C800%2C800italic|font_style:400%20regular%3A400%3Anormal&#8220; link=&#8220;||target:%20_blank|&#8220; css=&#8220;%7B%22default%22%3A%7B%22font-family%22%3A%22h1%22%2C%22padding-bottom%22%3A%2250px%22%7D%7D&#8220;][us_grid post_type=&#8220;us_testimonial&#8220; items_quantity=&#8220;8&#8243; items_layout=&#8220;testimonial_1&#8243; columns=&#8220;4&#8243;][\/vc_column][\/vc_row]<\/p>\n","protected":false},"excerpt":{"rendered":"<p>[vc_row us_bg_image_source=&#8220;media&#8220; us_bg_image=&#8220;8128&#8243; us_bg_pos=&#8220;bottom center&#8220; us_bg_repeat=&#8220;no-repeat&#8220; us_bg_parallax=&#8220;vertical&#8220; css=&#8220;%7B%22default%22%3A%7B%22padding-top%22%3A%220%22%7D%7D&#8220; el_class=&#8220;neuheiten-row&#8220;][vc_column el_class=&#8220;crsl-clm&#8220;][us_vwrapper css=&#8220;%7B%22default%22%3A%7B%22padding-top%22%3A%2225%25%22%2C%22padding-bottom%22%3A%2225%25%22%7D%7D&#8220;][\/us_vwrapper][\/vc_column][\/vc_row][vc_row css=&#8220;%7B%22default%22%3A%7B%22padding-top%22%3A%220%22%7D%7D&#8220; el_class=&#8220;neuheiten-row&#8220;][vc_column el_class=&#8220;crsl-clm&#8220;][vc_raw_html]JTNDaDMlMjBjbGFzcyUzRCUyMmFsaWduX2NlbnRlciUyMiUzRU5ldWhlaXRlbiUzQyUyRmgzJTNF[\/vc_raw_html][us_grid post_type=&#8220;product&#8220; taxonomy_product_cat=&#8220;fliesenaufkleber,k\u00fcchenr\u00fcckwand ,dekorfolie ,fliesenaufkleber ,bodenfliesenaufkleber,kids,kuechenrueckwand,kunstdrucke&#8220; items_quantity=&#8220;4&#8243; pagination=&#8220;ajax&#8220; items_layout=&#8220;4966&#8243; columns=&#8220;3&#8243; img_size=&#8220;us_350_350_crop&#8220; overriding_link=&#8220;%7B%22url%22%3A%22%22%7D&#8220; breakpoint_3_cols=&#8220;2&#8243;][\/vc_column][\/vc_row][vc_row][vc_column el_class=&#8220;crsl-clm&#8220;][vc_raw_html]JTNDaDMlMjBjbGFzcyUzRCUyMmFsaWduX2NlbnRlciUyMiUzRUZsaWVzZW5hdWZrbGViZXIlMjAlM0NzcGFuJTIwc3R5bGUlM0QlMjJmb250LXdlaWdodCUzQTQwMCUzQiUyMiUzRVBvcnR1Z2llc2lzY2glMjAlM0MlMkZzcGFuJTNFJTNDJTJGaDMlM0UlMEElM0NkaXYlMjBjbGFzcyUzRCUyMnN1Yi10ZXh0JTIyJTNFVHJhZGl0aW9uZWxsZSUyMEZsaWVzZW5tdXN0ZXIlMjB3aWUlMjBtYW4lMjBzaWUlMjB2b24lMjBkZW4lMjBwb3J0dWdpZXNpc2NoZW4lMjBBenVsZWpvcyUyMGtlbm50LiUzQyUyRmRpdiUzRQ==[\/vc_raw_html][us_grid post_type=&#8220;product&#8220; taxonomy_product_cat=&#8220;portugiesisch&#8220; orderby=&#8220;rand&#8220; items_quantity=&#8220;4&#8243; pagination=&#8220;ajax&#8220; items_layout=&#8220;4966&#8243; columns=&#8220;4&#8243; img_size=&#8220;us_350_350_crop&#8220; items_ratio=&#8220;1&#215;1&#8243; breakpoint_3_cols=&#8220;2&#8243;][\/vc_column][\/vc_row][vc_row][vc_column el_class=&#8220;crsl-clm&#8220;][vc_raw_html]JTNDaDMlMjBjbGFzcyUzRCUyMmFsaWduX2NlbnRlciUyMiUzRUZsaWVzZW5hdWZrbGViZXIlMjAlM0NhJTIwaHJlZiUzRCUyMmh0dHBzJTNBJTJGJTJGd3VuZGVyd2FuZC5zaG9wJTJGbWFuZGFsYSUyRiUyMiUzRSUzQ3NwYW4lMjBzdHlsZSUzRCUyMmZvbnQtd2VpZ2h0JTNBNDAwJTNCJTIyJTNFTWFuZGFsYSUzQyUyRnNwYW4lM0UlM0MlMkZhJTNFJTNDJTJGaDMlM0UlMEElM0NkaXYlMjBjbGFzcyUzRCUyMnN1Yi10ZXh0JTIyJTNFRmxvcmFsZSUyME9ybmFtZW50ZSUyMGluJTIwdmllbGVuJTIwYnVudGVuJTIwRmFyYmVuLiUzQyUyRmRpdiUzRQ==[\/vc_raw_html][us_grid post_type=&#8220;product&#8220; taxonomy_product_tag=&#8220;mandala&#8220; orderby=&#8220;rand&#8220; items_quantity=&#8220;4&#8243; pagination=&#8220;ajax&#8220; items_layout=&#8220;4966&#8243; columns=&#8220;4&#8243; img_size=&#8220;us_350_350_crop&#8220; items_ratio=&#8220;1&#215;1&#8243; breakpoint_3_cols=&#8220;2&#8243;][\/vc_column][\/vc_row][vc_row][vc_column el_class=&#8220;crsl-clm&#8220;][vc_raw_html]JTNDaDMlMjBjbGFzcyUzRCUyMmFsaWduX2NlbnRlciUyMiUzRUZsaWVzZW5hdWZrbGViZXIlMjAlM0NzcGFuJTIwc3R5bGUlM0QlMjJmb250LXdlaWdodCUzQTQwMCUzQiUyMiUzRU1hcm9ra2FuaXNjaCUzQyUyRnNwYW4lM0UlM0MlMkZoMyUzRSUwQSUzQ2RpdiUyMGNsYXNzJTNEJTIyc3ViLXRleHQlMjIlM0VEZWtvcmF0aXZlJTIwb3JpZW50YWxpc2NoZSUyME1vc2Fpa211c3RlciUyMHdpZSUyMGF1cyUyMDEwMDElMjBOYWNodC4lM0MlMkZkaXYlM0U=[\/vc_raw_html][us_grid post_type=&#8220;product&#8220; taxonomy_product_cat=&#8220;marokkanisch&#8220; items_quantity=&#8220;4&#8243; pagination=&#8220;ajax&#8220; items_layout=&#8220;4966&#8243; columns=&#8220;4&#8243; [&hellip;]<\/p>\n","protected":false},"author":1,"featured_media":0,"parent":0,"menu_order":0,"comment_status":"closed","ping_status":"closed","template":"","meta":{"footnotes":""},"class_list":["post-1539","page","type-page","status-publish","hentry"],"acf":[],"_links":{"self":[{"href":"https:\/\/fresh.clever-einstein.217-160-45-62.plesk.page\/index.php?rest_route=\/wp\/v2\/pages\/1539","targetHints":{"allow":["GET"]}}],"collection":[{"href":"https:\/\/fresh.clever-einstein.217-160-45-62.plesk.page\/index.php?rest_route=\/wp\/v2\/pages"}],"about":[{"href":"https:\/\/fresh.clever-einstein.217-160-45-62.plesk.page\/index.php?rest_route=\/wp\/v2\/types\/page"}],"author":[{"embeddable":true,"href":"https:\/\/fresh.clever-einstein.217-160-45-62.plesk.page\/index.php?rest_route=\/wp\/v2\/users\/1"}],"replies":[{"embeddable":true,"href":"https:\/\/fresh.clever-einstein.217-160-45-62.plesk.page\/index.php?rest_route=%2Fwp%2Fv2%2Fcomments&post=1539"}],"version-history":[{"count":0,"href":"https:\/\/fresh.clever-einstein.217-160-45-62.plesk.page\/index.php?rest_route=\/wp\/v2\/pages\/1539\/revisions"}],"wp:attachment":[{"href":"https:\/\/fresh.clever-einstein.217-160-45-62.plesk.page\/index.php?rest_route=%2Fwp%2Fv2%2Fmedia&parent=1539"}],"curies":[{"name":"wp","href":"https:\/\/api.w.org\/{rel}","templated":true}]}}